{"id":31,"date":"2025-06-12T11:33:07","date_gmt":"2025-06-12T09:33:07","guid":{"rendered":"https:\/\/viiicongreso.universidadeslectoras.es\/?page_id=31"},"modified":"2025-07-27T13:24:32","modified_gmt":"2025-07-27T11:24:32","slug":"comite-organizador","status":"publish","type":"page","link":"https:\/\/viiicongreso.universidadeslectoras.es\/index.php\/comite-organizador\/","title":{"rendered":"Comit\u00e9 organizador"},"content":{"rendered":"\n<h2 class=\"wp-block-heading has-text-align-center has-accent-5-background-color has-background has-xx-large-font-size\"><strong>Comit\u00e9 organizador<\/strong><\/h2>\n\n\n\n<div style=\"height:45px\" aria-hidden=\"true\" class=\"wp-block-spacer\"><\/div>\n\n\n\n<h2 class=\"wp-block-heading\"><strong>Direcci\u00f3n:<\/strong><\/h2>\n\n\n\n<p class=\"has-text-align-center is-style-text-subtitle has-accent-5-background-color has-background is-style-text-subtitle--1\">Mar Campos F.-F\u00edgares<br>M\u00aa del Carmen Quiles Cabrera<br>Aitana Martos Garc\u00eda<\/p>\n\n\n\n<h2 class=\"wp-block-heading\"><br><strong>Secretar\u00eda acad\u00e9mica<\/strong>:<br><\/h2>\n\n\n\n<p class=\"has-text-align-center is-style-text-subtitle has-accent-5-background-color has-background is-style-text-subtitle--2\">Aurora Mart\u00ednez Ezquerro <br>Jes\u00fas Nieto<br>\u00cdtaca Palmer<br>Isabel Llamas<\/p>\n\n\n\n<h2 class=\"wp-block-heading\"><strong>Secretar\u00eda administrativa<\/strong>:<br><\/h2>\n\n\n\n<p class=\"has-text-align-center is-style-text-subtitle has-accent-5-background-color has-background is-style-text-subtitle--3\">Est\u00edbaliz Barriga<br>Beatriz Dur\u00e1n<br>Gabriel N\u00fa\u00f1ez-Molina<br>Sara D\u00b4ell Olmo<\/p>\n\n\n\n<h2 class=\"wp-block-heading\"><strong>Comit\u00e9 Cient\u00edfico<\/strong>:<\/h2>\n\n\n\n<p class=\"has-text-align-center is-style-text-subtitle has-accent-5-background-color has-background is-style-text-subtitle--4\">Alcaide, Alfredo (UAL)<br>Bal\u00e7a, Angela (U. De \u00c9vora, Portugal)<br>Ballester, Josep (UV)<br>Barriga Galeano, Est\u00edbaliz (UEX)<br>Burgos, Jer\u00f3nimo de (UAL)<br>Campos Fern\u00e1ndez-F\u00edgares, Mar (UAL)<br>Caride G\u00f3mez, Jos\u00e9 Antonio (USC)<br>Costa, Paulo (U. \u00c9vora, Portugal)<br>Encabo Fern\u00e1ndez, Eduardo (UMU)<br>Garc\u00eda Rivera, Gloria (UEX)<br>Ibarra Rius, Noelia (UV)<br>Jarvio Fern\u00e1ndez, Antonia Olivia (U. Veracruzana, M\u00e9xico)<br>Leal Rivas, Natasha (U. Federico II, N\u00e1poles, Italia)<br>Liverani, Elena (U. de Mil\u00e1n)<br>L\u00f3pez Valero, Amando (UMU)<br>Marquez Hermosillo, M\u00f3nica Mar\u00eda (ITESO, M\u00e9xico)<br>Mart\u00ednez Ezquerro, Aurora (UR)<br>Martos Garc\u00eda, Aitana (UAL)<br>Martos N\u00fa\u00f1ez, Eloy (UEX)<br>Mat\u00e9s Barco, Juan Manuel (UJA)<br>Nieto Ib\u00e1\u00f1ez, Jes\u00fas Mar\u00eda (UVA)<br>N\u00fa\u00f1ez Ruiz, Gabriel (UAL)<br>Paiva Morais, Ana (IELT- U. Nova de Lisboa, Portugal)<br>P\u00e9rez Collados, Jos\u00e9 Mar\u00eda (UdG) <br>Pires, Mar\u00eda Natividade (IP Castelo Branco, Portugal)<br>Quiles Cabrera, Mar\u00eda del Carmen (UAL)<br>Ram\u00edrez Leyva, Elsa Margarita (UNAM, M\u00e9xico)<br>Robles \u00c1vila, Sara (UMA)<br>Rosal Nadales, Mar\u00eda (UCO)<br>S\u00e1ez Casado, M. Isabel (UAL)<br>S\u00e1nchez Garc\u00eda, Miguel (ULPGC)<br>S\u00e1nchez Garc\u00eda, Remedios (UGR)<br>Su\u00e1rez Robaina, Juana Rosa (ULPGC)<br>Yubero, Santiago (UCLM)<\/p>\n\n\n\n<p><\/p>\n","protected":false},"excerpt":{"rendered":"<p>Comit\u00e9 organizador Direcci\u00f3n: Mar Campos F.-F\u00edgaresM\u00aa del Carmen Quiles CabreraAitana Martos Garc\u00eda Secretar\u00eda acad\u00e9mica: Aurora Mart\u00ednez Ezquerro Jes\u00fas Nieto\u00cdtaca PalmerIsabel Llamas Secretar\u00eda administrativa: Est\u00edbaliz BarrigaBeatriz Dur\u00e1nGabriel N\u00fa\u00f1ez-MolinaSara D\u00b4ell Olmo Comit\u00e9 Cient\u00edfico: Alcaide, Alfredo (UAL)Bal\u00e7a, Angela (U. De \u00c9vora, Portugal)Ballester, Josep (UV)Barriga Galeano, Est\u00edbaliz (UEX)Burgos, Jer\u00f3nimo de (UAL)Campos Fern\u00e1ndez-F\u00edgares, Mar (UAL)Caride G\u00f3mez, Jos\u00e9 Antonio (USC)Costa, Paulo [&hellip;]<\/p>\n","protected":false},"author":1,"featured_media":0,"parent":0,"menu_order":0,"comment_status":"closed","ping_status":"closed","template":"","meta":{"footnotes":""},"class_list":["post-31","page","type-page","status-publish","hentry"],"_links":{"self":[{"href":"https:\/\/viiicongreso.universidadeslectoras.es\/index.php\/wp-json\/wp\/v2\/pages\/31","targetHints":{"allow":["GET"]}}],"collection":[{"href":"https:\/\/viiicongreso.universidadeslectoras.es\/index.php\/wp-json\/wp\/v2\/pages"}],"about":[{"href":"https:\/\/viiicongreso.universidadeslectoras.es\/index.php\/wp-json\/wp\/v2\/types\/page"}],"author":[{"embeddable":true,"href":"https:\/\/viiicongreso.universidadeslectoras.es\/index.php\/wp-json\/wp\/v2\/users\/1"}],"replies":[{"embeddable":true,"href":"https:\/\/viiicongreso.universidadeslectoras.es\/index.php\/wp-json\/wp\/v2\/comments?post=31"}],"version-history":[{"count":11,"href":"https:\/\/viiicongreso.universidadeslectoras.es\/index.php\/wp-json\/wp\/v2\/pages\/31\/revisions"}],"predecessor-version":[{"id":271,"href":"https:\/\/viiicongreso.universidadeslectoras.es\/index.php\/wp-json\/wp\/v2\/pages\/31\/revisions\/271"}],"wp:attachment":[{"href":"https:\/\/viiicongreso.universidadeslectoras.es\/index.php\/wp-json\/wp\/v2\/media?parent=31"}],"curies":[{"name":"wp","href":"https:\/\/api.w.org\/{rel}","templated":true}]}}