{"id":242,"date":"2025-07-16T14:10:52","date_gmt":"2025-07-16T12:10:52","guid":{"rendered":"https:\/\/viiicongreso.universidadeslectoras.es\/?page_id=242"},"modified":"2025-07-16T14:58:26","modified_gmt":"2025-07-16T12:58:26","slug":"registro-de-invitados","status":"publish","type":"page","link":"https:\/\/viiicongreso.universidadeslectoras.es\/index.php\/registro-de-invitados\/","title":{"rendered":"Registro de invitados"},"content":{"rendered":"\n<div class=\"wp-block-columns alignwide are-vertically-aligned-center is-layout-flex wp-container-core-columns-is-layout-28f84493 wp-block-columns-is-layout-flex\">\n<div class=\"wp-block-column is-vertically-aligned-center is-layout-flow wp-block-column-is-layout-flow\" style=\"flex-basis:100%\">\n<p class=\"has-text-align-center has-accent-5-background-color has-background has-xx-large-font-size\"><strong>Registro de invitados<\/strong><\/p>\n<\/div>\n<\/div>\n\n\n\n<div class=\"wp-block-columns alignwide is-layout-flex wp-container-core-columns-is-layout-28f84493 wp-block-columns-is-layout-flex\">\n<div class=\"wp-block-column is-layout-flow wp-block-column-is-layout-flow\" style=\"flex-basis:100%\">\n<p class=\"has-accent-5-background-color has-background\">Complete los datos para quedar registrada su asistencia al XV Plenario de la Red Internacional de Universidades Lectoras. RIUL cubre m\u00e1ximo 2 noches de alojamiento, (de las indicadas abajo), la cena del d\u00eda 14 y el desayuno y comida del d\u00eda 15. Los desplazamientos de los representantes deber\u00e1 cubrirlos cada Universidad de origen.<\/p>\n<\/div>\n<\/div>\n\n\n\n<div class=\"wp-block-columns alignwide are-vertically-aligned-center has-accent-5-background-color has-background is-layout-flex wp-container-core-columns-is-layout-28f84493 wp-block-columns-is-layout-flex\">\n<div class=\"wp-block-column is-vertically-aligned-center is-layout-flow wp-block-column-is-layout-flow\" style=\"flex-basis:100%\">\n<div>\n<div><div class=\"wpforms-container wpforms-container-full wpforms-render-modern\" id=\"wpforms-243\"><form id=\"wpforms-form-243\" class=\"wpforms-validate wpforms-form wpforms-ajax-form\" data-formid=\"243\" method=\"post\" enctype=\"multipart\/form-data\" action=\"\/index.php\/wp-json\/wp\/v2\/pages\/242\" data-token=\"9851390428cc941b1ff271af84e4b35f\" data-token-time=\"1776401466\"><noscript class=\"wpforms-error-noscript\">Por favor, activa JavaScript en tu navegador para completar este formulario.<\/noscript><div class=\"wpforms-hidden\" id=\"wpforms-error-noscript\">Por favor, activa JavaScript en tu navegador para completar este formulario.<\/div><div class=\"wpforms-field-container\"><div id=\"wpforms-243-field_4-container\" class=\"wpforms-field wpforms-field-name\" data-field-id=\"4\"><fieldset><legend class=\"wpforms-field-label\">Nombre <span class=\"wpforms-required-label\" aria-hidden=\"true\">*<\/span><\/legend><div class=\"wpforms-field-row wpforms-field-medium\"><div class=\"wpforms-field-row-block wpforms-first wpforms-one-half\"><input type=\"text\" id=\"wpforms-243-field_4\" class=\"wpforms-field-name-first wpforms-field-required\" name=\"wpforms[fields][4][first]\" aria-errormessage=\"wpforms-243-field_4-error\" required><label for=\"wpforms-243-field_4\" class=\"wpforms-field-sublabel after\">Nombre<\/label><\/div><div class=\"wpforms-field-row-block wpforms-one-half\"><input type=\"text\" id=\"wpforms-243-field_4-last\" class=\"wpforms-field-name-last wpforms-field-required\" name=\"wpforms[fields][4][last]\" aria-errormessage=\"wpforms-243-field_4-last-error\" required><label for=\"wpforms-243-field_4-last\" class=\"wpforms-field-sublabel after\">Apellidos<\/label><\/div><\/div><\/fieldset><\/div><div id=\"wpforms-243-field_10-container\" class=\"wpforms-field wpforms-field-text\" data-field-id=\"10\"><label class=\"wpforms-field-label\" for=\"wpforms-243-field_10\">DNI o equivalente <span class=\"wpforms-required-label\" aria-hidden=\"true\">*<\/span><\/label><input type=\"text\" id=\"wpforms-243-field_10\" class=\"wpforms-field-medium wpforms-field-required\" name=\"wpforms[fields][10]\" aria-errormessage=\"wpforms-243-field_10-error\" required><\/div><div id=\"wpforms-243-field_3-container\" class=\"wpforms-field wpforms-field-email\" data-field-id=\"3\"><label class=\"wpforms-field-label\" for=\"wpforms-243-field_3\">Correo electr\u00f3nico <span class=\"wpforms-required-label\" aria-hidden=\"true\">*<\/span><\/label><input type=\"email\" id=\"wpforms-243-field_3\" class=\"wpforms-field-medium wpforms-field-required\" name=\"wpforms[fields][3]\" spellcheck=\"false\" aria-errormessage=\"wpforms-243-field_3-error\" required><\/div><div id=\"wpforms-243-field_9-container\" class=\"wpforms-field wpforms-field-text\" data-field-id=\"9\"><label class=\"wpforms-field-label\" for=\"wpforms-243-field_9\">Tel\u00e9fono de contacto <span class=\"wpforms-required-label\" aria-hidden=\"true\">*<\/span><\/label><input type=\"text\" id=\"wpforms-243-field_9\" class=\"wpforms-field-medium wpforms-field-required\" name=\"wpforms[fields][9]\" aria-errormessage=\"wpforms-243-field_9-error\" required><\/div><div id=\"wpforms-243-field_2-container\" class=\"wpforms-field wpforms-field-text\" data-field-id=\"2\"><label class=\"wpforms-field-label\" for=\"wpforms-243-field_2\">Universidad <span class=\"wpforms-required-label\" aria-hidden=\"true\">*<\/span><\/label><input type=\"text\" id=\"wpforms-243-field_2\" class=\"wpforms-field-medium wpforms-field-required\" name=\"wpforms[fields][2]\" aria-errormessage=\"wpforms-243-field_2-error\" required><\/div><div id=\"wpforms-243-field_7-container\" class=\"wpforms-field wpforms-field-payment-checkbox\" data-field-id=\"7\"><fieldset><legend class=\"wpforms-field-label\">Noches de alojamiento <span class=\"wpforms-required-label\" aria-hidden=\"true\">*<\/span><\/legend><ul id=\"wpforms-243-field_7\" class=\"wpforms-field-required\"><li class=\"choice-1\"><input type=\"checkbox\" id=\"wpforms-243-field_7_1\" class=\"wpforms-payment-price\" data-amount=\"0.00\" name=\"wpforms[fields][7][]\" value=\"1\" aria-errormessage=\"wpforms-243-field_7_1-error\" required ><label class=\"wpforms-field-label-inline\" for=\"wpforms-243-field_7_1\">13 octubre<\/label><\/li><li class=\"choice-2\"><input type=\"checkbox\" id=\"wpforms-243-field_7_2\" class=\"wpforms-payment-price\" data-amount=\"0.00\" name=\"wpforms[fields][7][]\" value=\"2\" aria-errormessage=\"wpforms-243-field_7_2-error\" required ><label class=\"wpforms-field-label-inline\" for=\"wpforms-243-field_7_2\">14 octubre<\/label><\/li><li class=\"choice-3\"><input type=\"checkbox\" id=\"wpforms-243-field_7_3\" class=\"wpforms-payment-price\" data-amount=\"0.00\" name=\"wpforms[fields][7][]\" value=\"3\" aria-errormessage=\"wpforms-243-field_7_3-error\" required ><label class=\"wpforms-field-label-inline\" for=\"wpforms-243-field_7_3\">15 octubre<\/label><\/li><\/ul><\/fieldset><\/div><div id=\"wpforms-243-field_6-container\" class=\"wpforms-field wpforms-field-radio\" data-field-id=\"6\"><fieldset><legend class=\"wpforms-field-label\">Asistencia comida d\u00eda 15 de octubre <span class=\"wpforms-required-label\" aria-hidden=\"true\">*<\/span><\/legend><ul id=\"wpforms-243-field_6\" class=\"wpforms-field-required\"><li class=\"choice-1 depth-1\"><input type=\"radio\" id=\"wpforms-243-field_6_1\" name=\"wpforms[fields][6]\" value=\"S\u00ed\" aria-errormessage=\"wpforms-243-field_6_1-error\" required ><label class=\"wpforms-field-label-inline\" for=\"wpforms-243-field_6_1\">S\u00ed<\/label><\/li><li class=\"choice-2 depth-1\"><input type=\"radio\" id=\"wpforms-243-field_6_2\" name=\"wpforms[fields][6]\" value=\"No\" aria-errormessage=\"wpforms-243-field_6_2-error\" required ><label class=\"wpforms-field-label-inline\" for=\"wpforms-243-field_6_2\">No<\/label><\/li><\/ul><\/fieldset><\/div><div id=\"wpforms-243-field_8-container\" class=\"wpforms-field wpforms-field-textarea\" data-field-id=\"8\"><label class=\"wpforms-field-label\" for=\"wpforms-243-field_8\">Comentarios adicionales<\/label><textarea id=\"wpforms-243-field_8\" class=\"wpforms-field-medium\" name=\"wpforms[fields][8]\" aria-errormessage=\"wpforms-243-field_8-error\" ><\/textarea><\/div><\/div><!-- .wpforms-field-container --><div class=\"wpforms-submit-container\" ><input type=\"hidden\" name=\"wpforms[id]\" value=\"243\"><input type=\"hidden\" name=\"page_title\" value=\"\"><input type=\"hidden\" name=\"page_url\" value=\"https:\/\/viiicongreso.universidadeslectoras.es\/index.php\/wp-json\/wp\/v2\/pages\/242\"><input type=\"hidden\" name=\"url_referer\" value=\"\"><button type=\"submit\" name=\"wpforms[submit]\" id=\"wpforms-submit-243\" class=\"wpforms-submit\" data-alt-text=\"Enviando...\" data-submit-text=\"Enviar\" aria-live=\"assertive\" value=\"wpforms-submit\">Enviar<\/button><img loading=\"lazy\" decoding=\"async\" src=\"https:\/\/viiicongreso.universidadeslectoras.es\/wp-content\/plugins\/wpforms-lite\/assets\/images\/submit-spin.svg\" class=\"wpforms-submit-spinner\" style=\"display: none;\" width=\"26\" height=\"26\" alt=\"Cargando\"><\/div><\/form><\/div>  <!-- .wpforms-container -->\n<\/div>\n<\/div>\n<\/div>\n<\/div>\n","protected":false},"excerpt":{"rendered":"<p>Registro de invitados Complete los datos para quedar registrada su asistencia al XV Plenario de la Red Internacional de Universidades Lectoras. RIUL cubre m\u00e1ximo 2 noches de alojamiento, (de las indicadas abajo), la cena del d\u00eda 14 y el desayuno y comida del d\u00eda 15. Los desplazamientos de los representantes deber\u00e1 cubrirlos cada Universidad de [&hellip;]<\/p>\n","protected":false},"author":1,"featured_media":0,"parent":0,"menu_order":0,"comment_status":"closed","ping_status":"closed","template":"","meta":{"footnotes":""},"class_list":["post-242","page","type-page","status-publish","hentry"],"_links":{"self":[{"href":"https:\/\/viiicongreso.universidadeslectoras.es\/index.php\/wp-json\/wp\/v2\/pages\/242","targetHints":{"allow":["GET"]}}],"collection":[{"href":"https:\/\/viiicongreso.universidadeslectoras.es\/index.php\/wp-json\/wp\/v2\/pages"}],"about":[{"href":"https:\/\/viiicongreso.universidadeslectoras.es\/index.php\/wp-json\/wp\/v2\/types\/page"}],"author":[{"embeddable":true,"href":"https:\/\/viiicongreso.universidadeslectoras.es\/index.php\/wp-json\/wp\/v2\/users\/1"}],"replies":[{"embeddable":true,"href":"https:\/\/viiicongreso.universidadeslectoras.es\/index.php\/wp-json\/wp\/v2\/comments?post=242"}],"version-history":[{"count":4,"href":"https:\/\/viiicongreso.universidadeslectoras.es\/index.php\/wp-json\/wp\/v2\/pages\/242\/revisions"}],"predecessor-version":[{"id":255,"href":"https:\/\/viiicongreso.universidadeslectoras.es\/index.php\/wp-json\/wp\/v2\/pages\/242\/revisions\/255"}],"wp:attachment":[{"href":"https:\/\/viiicongreso.universidadeslectoras.es\/index.php\/wp-json\/wp\/v2\/media?parent=242"}],"curies":[{"name":"wp","href":"https:\/\/api.w.org\/{rel}","templated":true}]}}