{"id":23,"date":"2025-06-12T10:40:15","date_gmt":"2025-06-12T08:40:15","guid":{"rendered":"https:\/\/viiicongreso.universidadeslectoras.es\/?page_id=23"},"modified":"2025-10-05T01:26:41","modified_gmt":"2025-10-04T23:26:41","slug":"plenario-riul","status":"publish","type":"page","link":"https:\/\/viiicongreso.universidadeslectoras.es\/index.php\/plenario-riul\/","title":{"rendered":"Plenario RIUL"},"content":{"rendered":"\n<div class=\"wp-block-columns is-layout-flex wp-container-core-columns-is-layout-28f84493 wp-block-columns-is-layout-flex\">\n<div class=\"wp-block-column is-vertically-aligned-center is-style-section-1 has-xx-large-font-size is-layout-flow wp-block-column-is-layout-flow is-style-section-1--1\" style=\"padding-right:0;padding-left:0\">\n<div>\n<div>\n<div>\n<div>\n<h2 class=\"wp-block-heading has-text-align-center has-accent-5-background-color has-background has-xx-large-font-size\"><strong>Plenario RIUL<\/strong><\/h2>\n<\/div>\n<\/div>\n<\/div>\n<\/div>\n<\/div>\n<\/div>\n\n\n\n<img loading=\"lazy\" decoding=\"async\" width=\"819\" height=\"396\" class=\"gb-media-ea540c70\" alt=\"\" src=\"https:\/\/viiicongreso.universidadeslectoras.es\/wp-content\/uploads\/2025\/10\/Edificio-ciencias-de-la-salud.jpg\" title=\"Edificio ciencias de la salud\" srcset=\"https:\/\/viiicongreso.universidadeslectoras.es\/wp-content\/uploads\/2025\/10\/Edificio-ciencias-de-la-salud.jpg 819w, https:\/\/viiicongreso.universidadeslectoras.es\/wp-content\/uploads\/2025\/10\/Edificio-ciencias-de-la-salud-300x145.jpg 300w, https:\/\/viiicongreso.universidadeslectoras.es\/wp-content\/uploads\/2025\/10\/Edificio-ciencias-de-la-salud-768x371.jpg 768w\" sizes=\"auto, (max-width: 819px) 100vw, 819px\" \/>\n\n\n\n<h2 class=\"wp-block-heading alignwide has-text-align-center is-style-text-display has-accent-5-background-color has-background is-style-text-display--2\">La reuni\u00f3n del XVI Plenario tendr\u00e1 lugar 14 de octubre de 2025 a las 19.30 horas en la Sala de Grados del Edificio de Ciencias de la Salud, \u00a0Universidad de Almer\u00eda, Carretera Sacramento, s\/n, \u00a0La Ca\u00f1ada, Almer\u00eda (04120)<\/h2>\n\n\n\n<div class=\"wp-block-columns alignwide are-vertically-aligned-center is-layout-flex wp-container-core-columns-is-layout-28f84493 wp-block-columns-is-layout-flex\">\n<div class=\"wp-block-column is-vertically-aligned-center is-style-section-1 is-layout-flow wp-container-core-column-is-layout-c951c46d wp-block-column-is-layout-flow is-style-section-1--3\">\n<a class=\"gb-text gb-text-7ed2758f\" href=\"https:\/\/viiicongreso.universidadeslectoras.es\/wp-content\/uploads\/2025\/07\/Orden-del-Dia-XVI-Plenario.pdf\" target=\"_blank\" rel=\"noopener\">Orden del d\u00eda<\/a>\n<\/div>\n\n\n\n<div class=\"wp-block-column is-vertically-aligned-center is-style-section-1 is-layout-flow wp-container-core-column-is-layout-d7e64215 wp-block-column-is-layout-flow is-style-section-1--4\">\n<a class=\"gb-text gb-text-8bbdf4c4\" href=\"https:\/\/viiicongreso.universidadeslectoras.es\/index.php\/elecciones-riul\/\" target=\"_blank\" rel=\"noopener\">Elecciones RIUL<\/a>\n<\/div>\n\n\n\n<div class=\"wp-block-column has-accent-5-background-color has-background is-layout-flow wp-block-column-is-layout-flow\">\n<a class=\"gb-text gb-text-985ea694\" href=\"https:\/\/viiicongreso.universidadeslectoras.es\/index.php\/registro-de-invitados\/\" target=\"_blank\" rel=\"noopener\">Registro de invitados<\/a>\n<\/div>\n<\/div>\n\n\n\n<p><\/p>\n","protected":false},"excerpt":{"rendered":"<p>Plenario RIUL La reuni\u00f3n del XVI Plenario tendr\u00e1 lugar 14 de octubre de 2025 a las 19.30 horas en la Sala de Grados del Edificio de Ciencias de la Salud, \u00a0Universidad de Almer\u00eda, Carretera Sacramento, s\/n, \u00a0La Ca\u00f1ada, Almer\u00eda (04120) Orden del d\u00eda Elecciones RIUL Registro de invitados<\/p>\n","protected":false},"author":1,"featured_media":0,"parent":0,"menu_order":0,"comment_status":"closed","ping_status":"closed","template":"","meta":{"footnotes":""},"class_list":["post-23","page","type-page","status-publish","hentry"],"_links":{"self":[{"href":"https:\/\/viiicongreso.universidadeslectoras.es\/index.php\/wp-json\/wp\/v2\/pages\/23","targetHints":{"allow":["GET"]}}],"collection":[{"href":"https:\/\/viiicongreso.universidadeslectoras.es\/index.php\/wp-json\/wp\/v2\/pages"}],"about":[{"href":"https:\/\/viiicongreso.universidadeslectoras.es\/index.php\/wp-json\/wp\/v2\/types\/page"}],"author":[{"embeddable":true,"href":"https:\/\/viiicongreso.universidadeslectoras.es\/index.php\/wp-json\/wp\/v2\/users\/1"}],"replies":[{"embeddable":true,"href":"https:\/\/viiicongreso.universidadeslectoras.es\/index.php\/wp-json\/wp\/v2\/comments?post=23"}],"version-history":[{"count":23,"href":"https:\/\/viiicongreso.universidadeslectoras.es\/index.php\/wp-json\/wp\/v2\/pages\/23\/revisions"}],"predecessor-version":[{"id":309,"href":"https:\/\/viiicongreso.universidadeslectoras.es\/index.php\/wp-json\/wp\/v2\/pages\/23\/revisions\/309"}],"wp:attachment":[{"href":"https:\/\/viiicongreso.universidadeslectoras.es\/index.php\/wp-json\/wp\/v2\/media?parent=23"}],"curies":[{"name":"wp","href":"https:\/\/api.w.org\/{rel}","templated":true}]}}