{"id":216,"date":"2025-07-15T15:37:34","date_gmt":"2025-07-15T13:37:34","guid":{"rendered":"https:\/\/viiicongreso.universidadeslectoras.es\/?page_id=216"},"modified":"2025-07-15T15:37:34","modified_gmt":"2025-07-15T13:37:34","slug":"almeria-turismo-y-ocio","status":"publish","type":"page","link":"https:\/\/viiicongreso.universidadeslectoras.es\/index.php\/almeria-turismo-y-ocio\/","title":{"rendered":"Almer\u00eda, turismo y ocio"},"content":{"rendered":"\n<div class=\"wp-block-columns alignwide are-vertically-aligned-center is-layout-flex wp-container-core-columns-is-layout-28f84493 wp-block-columns-is-layout-flex\">\n<div class=\"wp-block-column is-vertically-aligned-center is-layout-flow wp-block-column-is-layout-flow\" style=\"flex-basis:100%\">\n<p class=\"has-text-align-center has-accent-5-background-color has-background has-xx-large-font-size\"><strong>Almer\u00eda, turismo y ocio<\/strong><\/p>\n<\/div>\n<\/div>\n\n\n\n<div class=\"wp-block-columns alignwide are-vertically-aligned-center is-layout-flex wp-container-core-columns-is-layout-28f84493 wp-block-columns-is-layout-flex\">\n<div class=\"wp-block-column is-layout-flow wp-block-column-is-layout-flow\">\n<p class=\"has-accent-5-background-color has-background has-x-large-font-size\">Si decides alargar tu estancia, puedes disfrutar del encanto de la\u00a0<strong>ciudad y su parque<\/strong> <strong>natural de Cabo de Gata<\/strong>. Recorre sus lugares emblem\u00e1ticos (la Alcazaba, la Catedral, los Refugios de la Guerra Civil&#8230;), disfruta de su gastronom\u00eda y visita sus playas y parajes de mar y monta\u00f1a. Tambi\u00e9n puedes vivir la Almer\u00eda de cine y contemplar su desierto.\u00a0<\/p>\n\n\n\n<p class=\"has-accent-5-background-color has-background has-x-large-font-size\">Si necesitas, adem\u00e1s, conocer&nbsp;<strong>hoteles y alojamientos,<\/strong>&nbsp;puedes informarte en la web oficial:<\/p>\n<\/div>\n<\/div>\n\n\n\n<div class=\"wp-block-columns alignwide is-layout-flex wp-container-core-columns-is-layout-28f84493 wp-block-columns-is-layout-flex\">\n<div class=\"wp-block-column is-layout-flow wp-block-column-is-layout-flow\" style=\"flex-basis:100%\">\n<p class=\"has-text-align-center has-accent-5-background-color has-background has-x-large-font-size\"><a href=\"https:\/\/www.turismodealmeria.org\/\">https:\/\/www.turismodealmeria.org\/<\/a><\/p>\n<\/div>\n<\/div>\n","protected":false},"excerpt":{"rendered":"<p>Almer\u00eda, turismo y ocio Si decides alargar tu estancia, puedes disfrutar del encanto de la\u00a0ciudad y su parque natural de Cabo de Gata. Recorre sus lugares emblem\u00e1ticos (la Alcazaba, la Catedral, los Refugios de la Guerra Civil&#8230;), disfruta de su gastronom\u00eda y visita sus playas y parajes de mar y monta\u00f1a. Tambi\u00e9n puedes vivir la [&hellip;]<\/p>\n","protected":false},"author":1,"featured_media":0,"parent":0,"menu_order":0,"comment_status":"closed","ping_status":"closed","template":"","meta":{"footnotes":""},"class_list":["post-216","page","type-page","status-publish","hentry"],"_links":{"self":[{"href":"https:\/\/viiicongreso.universidadeslectoras.es\/index.php\/wp-json\/wp\/v2\/pages\/216","targetHints":{"allow":["GET"]}}],"collection":[{"href":"https:\/\/viiicongreso.universidadeslectoras.es\/index.php\/wp-json\/wp\/v2\/pages"}],"about":[{"href":"https:\/\/viiicongreso.universidadeslectoras.es\/index.php\/wp-json\/wp\/v2\/types\/page"}],"author":[{"embeddable":true,"href":"https:\/\/viiicongreso.universidadeslectoras.es\/index.php\/wp-json\/wp\/v2\/users\/1"}],"replies":[{"embeddable":true,"href":"https:\/\/viiicongreso.universidadeslectoras.es\/index.php\/wp-json\/wp\/v2\/comments?post=216"}],"version-history":[{"count":1,"href":"https:\/\/viiicongreso.universidadeslectoras.es\/index.php\/wp-json\/wp\/v2\/pages\/216\/revisions"}],"predecessor-version":[{"id":217,"href":"https:\/\/viiicongreso.universidadeslectoras.es\/index.php\/wp-json\/wp\/v2\/pages\/216\/revisions\/217"}],"wp:attachment":[{"href":"https:\/\/viiicongreso.universidadeslectoras.es\/index.php\/wp-json\/wp\/v2\/media?parent=216"}],"curies":[{"name":"wp","href":"https:\/\/api.w.org\/{rel}","templated":true}]}}