{"id":210,"date":"2025-07-15T15:29:43","date_gmt":"2025-07-15T13:29:43","guid":{"rendered":"https:\/\/viiicongreso.universidadeslectoras.es\/?page_id=210"},"modified":"2025-07-15T15:31:11","modified_gmt":"2025-07-15T13:31:11","slug":"situate-en-la-ual","status":"publish","type":"page","link":"https:\/\/viiicongreso.universidadeslectoras.es\/index.php\/situate-en-la-ual\/","title":{"rendered":"Sit\u00faate en la UAL"},"content":{"rendered":"\n<div class=\"wp-block-columns alignwide are-vertically-aligned-center is-layout-flex wp-container-core-columns-is-layout-28f84493 wp-block-columns-is-layout-flex\">\n<div class=\"wp-block-column is-vertically-aligned-center is-layout-flow wp-block-column-is-layout-flow\" style=\"flex-basis:100%\">\n<p class=\"has-text-align-center has-accent-5-background-color has-background has-xx-large-font-size\"><strong>Sit\u00faate en la Universidad de Almer\u00eda<\/strong><\/p>\n<\/div>\n<\/div>\n\n\n\n<div class=\"wp-block-columns alignwide are-vertically-aligned-center is-layout-flex wp-container-core-columns-is-layout-28f84493 wp-block-columns-is-layout-flex\">\n<div class=\"wp-block-column is-vertically-aligned-center is-layout-flow wp-block-column-is-layout-flow\" style=\"flex-basis:100%\">\n<p class=\"has-accent-5-background-color has-background has-x-large-font-size\">La Universidad de Almer\u00eda se encuentra ubicada en un lugar privilegiado, a orillas del mar Mediterr\u00e1neo. Para que puedas situarte, pincha en el siguiente enlace y encontrar\u00e1s todas las localizaciones:<\/p>\n<\/div>\n<\/div>\n\n\n\n<div class=\"wp-block-columns alignwide is-layout-flex wp-container-core-columns-is-layout-28f84493 wp-block-columns-is-layout-flex\">\n<div class=\"wp-block-column is-layout-flow wp-block-column-is-layout-flow\" style=\"flex-basis:100%\">\n<p class=\"has-text-align-center has-accent-5-background-color has-background has-x-large-font-size\"><a href=\"https:\/\/www.ual.es\/como-llegar\">https:\/\/www.ual.es\/como-llegar<\/a><\/p>\n<\/div>\n<\/div>\n\n\n\n<p class=\"has-x-large-font-size\"><\/p>\n","protected":false},"excerpt":{"rendered":"<p>Sit\u00faate en la Universidad de Almer\u00eda La Universidad de Almer\u00eda se encuentra ubicada en un lugar privilegiado, a orillas del mar Mediterr\u00e1neo. Para que puedas situarte, pincha en el siguiente enlace y encontrar\u00e1s todas las localizaciones: https:\/\/www.ual.es\/como-llegar<\/p>\n","protected":false},"author":1,"featured_media":0,"parent":0,"menu_order":0,"comment_status":"closed","ping_status":"closed","template":"","meta":{"footnotes":""},"class_list":["post-210","page","type-page","status-publish","hentry"],"_links":{"self":[{"href":"https:\/\/viiicongreso.universidadeslectoras.es\/index.php\/wp-json\/wp\/v2\/pages\/210","targetHints":{"allow":["GET"]}}],"collection":[{"href":"https:\/\/viiicongreso.universidadeslectoras.es\/index.php\/wp-json\/wp\/v2\/pages"}],"about":[{"href":"https:\/\/viiicongreso.universidadeslectoras.es\/index.php\/wp-json\/wp\/v2\/types\/page"}],"author":[{"embeddable":true,"href":"https:\/\/viiicongreso.universidadeslectoras.es\/index.php\/wp-json\/wp\/v2\/users\/1"}],"replies":[{"embeddable":true,"href":"https:\/\/viiicongreso.universidadeslectoras.es\/index.php\/wp-json\/wp\/v2\/comments?post=210"}],"version-history":[{"count":2,"href":"https:\/\/viiicongreso.universidadeslectoras.es\/index.php\/wp-json\/wp\/v2\/pages\/210\/revisions"}],"predecessor-version":[{"id":213,"href":"https:\/\/viiicongreso.universidadeslectoras.es\/index.php\/wp-json\/wp\/v2\/pages\/210\/revisions\/213"}],"wp:attachment":[{"href":"https:\/\/viiicongreso.universidadeslectoras.es\/index.php\/wp-json\/wp\/v2\/media?parent=210"}],"curies":[{"name":"wp","href":"https:\/\/api.w.org\/{rel}","templated":true}]}}