{"id":21,"date":"2025-06-12T11:20:16","date_gmt":"2025-06-12T09:20:16","guid":{"rendered":"https:\/\/viiicongreso.universidadeslectoras.es\/?page_id=21"},"modified":"2025-06-12T13:30:44","modified_gmt":"2025-06-12T11:30:44","slug":"comunicaciones","status":"publish","type":"page","link":"https:\/\/viiicongreso.universidadeslectoras.es\/index.php\/comunicaciones\/","title":{"rendered":"Comunicaciones"},"content":{"rendered":"\n<h2 class=\"wp-block-heading alignwide has-text-align-center has-accent-5-background-color has-background has-xx-large-font-size\">Comunicaciones<\/h2>\n\n\n\n<div class=\"wp-block-group alignfull is-layout-flow wp-block-group-is-layout-flow\" style=\"min-height:0vh;margin-top:0;margin-bottom:0;padding-top:var(--wp--preset--spacing--70);padding-right:var(--wp--preset--spacing--40);padding-bottom:var(--wp--preset--spacing--70);padding-left:var(--wp--preset--spacing--40)\">\n<div class=\"wp-block-group is-layout-flow wp-container-core-group-is-layout-c951c46d wp-block-group-is-layout-flow\">\n<h2 class=\"wp-block-heading has-text-align-center has-xx-large-font-size\" style=\"margin-right:0;margin-left:0;padding-right:0;padding-left:0\">Para participar&#8230;<\/h2>\n\n\n\n<div>\n<p class=\"has-text-align-center has-accent-5-background-color has-background has-x-large-font-size\">Las comunicaciones se presentar\u00e1n de manera virtual as\u00edncrona en un plazo previo al inicio del congreso para que puedan estar disponibles durante su transcurso. Las intervenciones ser\u00e1n grabaciones que no superar\u00e1n los 10 minutos. Se crear\u00e1 un espacio tambi\u00e9n as\u00edncrono para preguntas e intercambio de ideas entre asistentes y participantes.<br><\/p>\n\n\n\n<p class=\"has-text-align-center has-accent-5-background-color has-background has-x-large-font-size\">La recepci\u00f3n de las propuestas estar\u00e1 abierta hasta el 30 de septiembre. Deben mandarse al correo de contacto.<br>El env\u00edo de los v\u00eddeos de las propuestas aceptadas tendr\u00e1 de fecha m\u00e1xima el 5 de octubre.<\/p>\n<\/div>\n\n\n\n<p class=\"has-text-align-center\"><\/p>\n\n\n\n<div class=\"wp-block-buttons is-content-justification-center is-layout-flex wp-container-core-buttons-is-layout-a89b3969 wp-block-buttons-is-layout-flex\">\n<div class=\"wp-block-button\"><a class=\"wp-block-button__link wp-element-button\" href=\"https:\/\/viiicongreso.universidadeslectoras.es\/index.php\/inscripciones\/\">Pasos a seguir<\/a><\/div>\n<\/div>\n<\/div>\n<\/div>\n\n\n\n<p><\/p>\n","protected":false},"excerpt":{"rendered":"<p>Comunicaciones Para participar&#8230; Las comunicaciones se presentar\u00e1n de manera virtual as\u00edncrona en un plazo previo al inicio del congreso para que puedan estar disponibles durante su transcurso. Las intervenciones ser\u00e1n grabaciones que no superar\u00e1n los 10 minutos. Se crear\u00e1 un espacio tambi\u00e9n as\u00edncrono para preguntas e intercambio de ideas entre asistentes y participantes. La recepci\u00f3n [&hellip;]<\/p>\n","protected":false},"author":1,"featured_media":0,"parent":0,"menu_order":0,"comment_status":"closed","ping_status":"closed","template":"","meta":{"footnotes":""},"class_list":["post-21","page","type-page","status-publish","hentry"],"_links":{"self":[{"href":"https:\/\/viiicongreso.universidadeslectoras.es\/index.php\/wp-json\/wp\/v2\/pages\/21","targetHints":{"allow":["GET"]}}],"collection":[{"href":"https:\/\/viiicongreso.universidadeslectoras.es\/index.php\/wp-json\/wp\/v2\/pages"}],"about":[{"href":"https:\/\/viiicongreso.universidadeslectoras.es\/index.php\/wp-json\/wp\/v2\/types\/page"}],"author":[{"embeddable":true,"href":"https:\/\/viiicongreso.universidadeslectoras.es\/index.php\/wp-json\/wp\/v2\/users\/1"}],"replies":[{"embeddable":true,"href":"https:\/\/viiicongreso.universidadeslectoras.es\/index.php\/wp-json\/wp\/v2\/comments?post=21"}],"version-history":[{"count":8,"href":"https:\/\/viiicongreso.universidadeslectoras.es\/index.php\/wp-json\/wp\/v2\/pages\/21\/revisions"}],"predecessor-version":[{"id":159,"href":"https:\/\/viiicongreso.universidadeslectoras.es\/index.php\/wp-json\/wp\/v2\/pages\/21\/revisions\/159"}],"wp:attachment":[{"href":"https:\/\/viiicongreso.universidadeslectoras.es\/index.php\/wp-json\/wp\/v2\/media?parent=21"}],"curies":[{"name":"wp","href":"https:\/\/api.w.org\/{rel}","templated":true}]}}