{"id":19,"date":"2025-06-12T11:14:13","date_gmt":"2025-06-12T09:14:13","guid":{"rendered":"https:\/\/viiicongreso.universidadeslectoras.es\/?page_id=19"},"modified":"2025-07-29T10:25:00","modified_gmt":"2025-07-29T08:25:00","slug":"inscripciones","status":"publish","type":"page","link":"https:\/\/viiicongreso.universidadeslectoras.es\/index.php\/inscripciones\/","title":{"rendered":"INSCRIPCIONES"},"content":{"rendered":"\n<h2 class=\"wp-block-heading alignwide has-text-align-center has-accent-5-background-color has-background has-xx-large-font-size\">Inscripciones<\/h2>\n\n\n\n<div class=\"wp-block-group alignfull is-layout-flow wp-block-group-is-layout-flow\" style=\"min-height:0vh;margin-top:0;margin-bottom:0;padding-top:var(--wp--preset--spacing--70);padding-right:var(--wp--preset--spacing--40);padding-bottom:var(--wp--preset--spacing--70);padding-left:var(--wp--preset--spacing--40)\">\n<div class=\"wp-block-group has-accent-5-background-color has-background has-global-padding is-layout-constrained wp-container-core-group-is-layout-346627ba wp-block-group-is-layout-constrained\">\n<h2 class=\"wp-block-heading has-text-align-center is-style-text-subtitle has-x-large-font-size is-style-text-subtitle--1\" style=\"margin-right:0;margin-left:0;padding-right:0;padding-left:0\"><br>Precio de las inscripciones<\/h2>\n\n\n\n<p class=\"has-text-align-center\">Miembros de Universidades RIUL: 100 \u20ac<br>Otras universidades: 125 \u20ac<br>Asistencia sin comunicaci\u00f3n: 80 \u20ac<br>Asistencia sin certificado: Gratuita hasta completar aforo<br><\/p>\n\n\n\n<p class=\"has-text-align-center\"><\/p>\n<\/div>\n\n\n\n<p class=\"has-text-align-center has-accent-5-background-color has-background has-x-large-font-size\">Pasos a seguir<\/p>\n\n\n\n<figure class=\"wp-block-table\"><table class=\"has-accent-5-background-color has-background\"><thead><tr><th class=\"has-text-align-center\" data-align=\"center\">1. ENV\u00cdO DE PROPUESTA<\/th><th class=\"has-text-align-center\" data-align=\"center\">2. PAGO DE INSCRIPCI\u00d3N<\/th><th class=\"has-text-align-center\" data-align=\"center\">3. ENV\u00cdO DE JUSTIFICACI\u00d3N DE PAGO<\/th><th class=\"has-text-align-center\" data-align=\"center\">4. ENV\u00cdO DE GRABACI\u00d3N<\/th><\/tr><\/thead><tbody><tr><td class=\"has-text-align-center\" data-align=\"center\">HASTA 30 DE SEPTIEMBRE<\/td><td class=\"has-text-align-center\" data-align=\"center\"><strong>HASTA 5 DE OCTUBRE<\/strong><\/td><td class=\"has-text-align-center\" data-align=\"center\"><strong>HASTA 5 DE OCTUBRE<\/strong><\/td><td class=\"has-text-align-center\" data-align=\"center\"><strong>HASTA 5 DE OCTUBRE<\/strong><\/td><\/tr><tr><td class=\"has-text-align-center\" data-align=\"center\">Env\u00edo de t\u00edtulo y resumen de propuesta (entre 300 y 500 palabras) al correo del congreso. Ser\u00e1 necesario indicar la l\u00ednea tem\u00e1tica a la que se dirige<\/td><td class=\"has-text-align-center\" data-align=\"center\">El pago deber\u00e1 hacerse en el mismo enlace independientemente de la modalidad de participaci\u00f3n elegida. <br>Si se desea factura debe solicitarse al realizar el proceso de<br>inscripci\u00f3n, hay un espacio para ello. NO PODR\u00c1 GESTIONARSE DESPU\u00c9S<\/td><td class=\"has-text-align-center\" data-align=\"center\">Ser\u00e1 necesario el env\u00edo del justificante de pago al correo del congreso para confirmar la inscripci\u00f3n en cualquiera de las modalidades junto al nombre completo, DNI y t\u00edtulo de la participaci\u00f3n<\/td><td class=\"has-text-align-center\" data-align=\"center\">Grabaci\u00f3n en v\u00eddeo con una duraci\u00f3n no superior a 10 minutos<\/td><\/tr><tr><td class=\"has-text-align-center\" data-align=\"center\">congresoriul2025@gmail.com<\/td><td class=\"has-text-align-center\" data-align=\"center\"><a href=\"https:\/\/sip.apps.ual.es\/autoliquidacion\/unit\/196\/activity\/571\"><mark style=\"background-color:rgba(0, 0, 0, 0)\" class=\"has-inline-color has-accent-3-color\">Acceso a plataforma de pago<\/mark><\/a><\/td><td class=\"has-text-align-center\" data-align=\"center\">congresoriul2025@gmail.com<\/td><td class=\"has-text-align-center\" data-align=\"center\">congresoriul2025@gmail.com<\/td><\/tr><\/tbody><\/table><\/figure>\n\n\n\n<div class=\"wp-block-group has-global-padding is-layout-constrained wp-container-core-group-is-layout-346627ba wp-block-group-is-layout-constrained\">\n<h2 class=\"wp-block-heading alignwide has-accent-5-background-color has-background\">IMPORTANTE: Todos las personas que firman las comunicaciones deben estar inscritas y haber realizado el pago correspondiente para poder participar en el congreso y recibir la certificaci\u00f3n.<\/h2>\n<\/div>\n<\/div>\n\n\n\n<p><\/p>\n","protected":false},"excerpt":{"rendered":"<p>Inscripciones Precio de las inscripciones Miembros de Universidades RIUL: 100 \u20acOtras universidades: 125 \u20acAsistencia sin comunicaci\u00f3n: 80 \u20acAsistencia sin certificado: Gratuita hasta completar aforo Pasos a seguir 1. ENV\u00cdO DE PROPUESTA 2. PAGO DE INSCRIPCI\u00d3N 3. ENV\u00cdO DE JUSTIFICACI\u00d3N DE PAGO 4. ENV\u00cdO DE GRABACI\u00d3N HASTA 30 DE SEPTIEMBRE HASTA 5 DE OCTUBRE HASTA 5 [&hellip;]<\/p>\n","protected":false},"author":1,"featured_media":0,"parent":0,"menu_order":0,"comment_status":"closed","ping_status":"closed","template":"","meta":{"footnotes":""},"class_list":["post-19","page","type-page","status-publish","hentry"],"_links":{"self":[{"href":"https:\/\/viiicongreso.universidadeslectoras.es\/index.php\/wp-json\/wp\/v2\/pages\/19","targetHints":{"allow":["GET"]}}],"collection":[{"href":"https:\/\/viiicongreso.universidadeslectoras.es\/index.php\/wp-json\/wp\/v2\/pages"}],"about":[{"href":"https:\/\/viiicongreso.universidadeslectoras.es\/index.php\/wp-json\/wp\/v2\/types\/page"}],"author":[{"embeddable":true,"href":"https:\/\/viiicongreso.universidadeslectoras.es\/index.php\/wp-json\/wp\/v2\/users\/1"}],"replies":[{"embeddable":true,"href":"https:\/\/viiicongreso.universidadeslectoras.es\/index.php\/wp-json\/wp\/v2\/comments?post=19"}],"version-history":[{"count":13,"href":"https:\/\/viiicongreso.universidadeslectoras.es\/index.php\/wp-json\/wp\/v2\/pages\/19\/revisions"}],"predecessor-version":[{"id":289,"href":"https:\/\/viiicongreso.universidadeslectoras.es\/index.php\/wp-json\/wp\/v2\/pages\/19\/revisions\/289"}],"wp:attachment":[{"href":"https:\/\/viiicongreso.universidadeslectoras.es\/index.php\/wp-json\/wp\/v2\/media?parent=19"}],"curies":[{"name":"wp","href":"https:\/\/api.w.org\/{rel}","templated":true}]}}