{"id":187,"date":"2025-07-16T12:07:51","date_gmt":"2025-07-16T10:07:51","guid":{"rendered":"https:\/\/viiicongreso.universidadeslectoras.es\/?page_id=187"},"modified":"2025-07-16T13:10:44","modified_gmt":"2025-07-16T11:10:44","slug":"elecciones-riul","status":"publish","type":"page","link":"https:\/\/viiicongreso.universidadeslectoras.es\/index.php\/elecciones-riul\/","title":{"rendered":"Elecciones RIUL"},"content":{"rendered":"\n<div class=\"wp-block-columns alignwide is-layout-flex wp-container-core-columns-is-layout-28f84493 wp-block-columns-is-layout-flex\">\n<div class=\"wp-block-column is-layout-flow wp-block-column-is-layout-flow\" style=\"flex-basis:100%\">\n<div>\n<p class=\"has-text-align-center has-accent-5-background-color has-background has-xx-large-font-size\"><strong>Elecciones RIUL<\/strong><\/p>\n<\/div>\n<\/div>\n<\/div>\n\n\n\n<div class=\"wp-block-columns alignwide is-layout-flex wp-container-core-columns-is-layout-28f84493 wp-block-columns-is-layout-flex\">\n<div class=\"wp-block-column is-vertically-aligned-center has-background is-layout-flow wp-block-column-is-layout-flow\" style=\"background-color:#ddeff2;flex-basis:100%\">\n<div>\n<p class=\"has-x-large-font-size\" style=\"margin-right:var(--wp--preset--spacing--50);margin-left:var(--wp--preset--spacing--50)\"><strong>Presentaci\u00f3n<\/strong><\/p>\n<\/div>\n<\/div>\n<\/div>\n\n\n\n<div class=\"wp-block-columns alignwide are-vertically-aligned-center is-layout-flex wp-container-core-columns-is-layout-28f84493 wp-block-columns-is-layout-flex\">\n<div class=\"wp-block-column is-vertically-aligned-center has-accent-5-background-color has-background is-layout-flow wp-block-column-is-layout-flow\" style=\"flex-basis:100%\">\n<div>\n<p class=\"has-x-large-font-size\" style=\"margin-right:var(--wp--preset--spacing--50);margin-left:var(--wp--preset--spacing--50)\">El Reglamento fundacional de la Red Internacional de Universidades Lectoras establece en su cap\u00edtulo 2 los principios y mecanismos para la elecci\u00f3n de la Coordinaci\u00f3n General y de los miembros de la Comisi\u00f3n Permanente entre los miembros en ejercicio de la Red que opten a dichos puestos.<\/p>\n\n\n\n<p class=\"has-x-large-font-size\" style=\"margin-right:var(--wp--preset--spacing--50);margin-left:var(--wp--preset--spacing--50)\">Por delegaci\u00f3n de la Comisi\u00f3n Permanente se ha delegado en D\u00f1a. Aurora Mart\u00ednez Ezquerro la organizaci\u00f3n de este proceso. A tal efecto, se arbitra la informaci\u00f3n necesaria a trav\u00e9s de esta p\u00e1gina web en sus distintos apartados, y se crea el contacto&nbsp;<a href=\"mailto:eleccionesriul@gmail.com\">eleccionesriul@gmail.com<\/a>.<\/p>\n<\/div>\n<\/div>\n<\/div>\n\n\n\n<div class=\"wp-block-columns alignwide is-layout-flex wp-container-core-columns-is-layout-28f84493 wp-block-columns-is-layout-flex\">\n<div class=\"wp-block-column is-vertically-aligned-center is-style-default is-layout-flow wp-block-column-is-layout-flow\" style=\"flex-basis:100%\">\n<div>\n<div class=\"wp-block-columns is-layout-flex wp-container-core-columns-is-layout-28f84493 wp-block-columns-is-layout-flex\">\n<div class=\"wp-block-column is-style-section-1 has-background is-layout-flow wp-container-core-column-is-layout-f8561097 wp-block-column-is-layout-flow is-style-section-1--1\" style=\"background-color:#ddeff2;padding-top:0;padding-right:0;padding-bottom:0;padding-left:0;flex-basis:100%\">\n<div>\n<p class=\"has-background has-x-large-font-size\" style=\"background-color:#ddeff2;margin-right:0;margin-left:0\"><strong>Calendario y normas b\u00e1sicas<\/strong><\/p>\n<\/div>\n<\/div>\n<\/div>\n<\/div>\n<\/div>\n<\/div>\n\n\n\n<div class=\"wp-block-columns alignwide is-layout-flex wp-container-core-columns-is-layout-28f84493 wp-block-columns-is-layout-flex\">\n<div class=\"wp-block-column is-layout-flow wp-block-column-is-layout-flow\" style=\"flex-basis:100%\">\n<div>\n<div class=\"wp-block-columns alignwide are-vertically-aligned-center is-layout-flex wp-container-core-columns-is-layout-28f84493 wp-block-columns-is-layout-flex\">\n<div class=\"wp-block-column is-vertically-aligned-center has-accent-5-background-color has-background is-layout-flow wp-block-column-is-layout-flow\" style=\"flex-basis:100%\">\n<div>\n<div class=\"wp-block-columns alignwide is-layout-flex wp-container-core-columns-is-layout-28f84493 wp-block-columns-is-layout-flex\">\n<div class=\"wp-block-column has-accent-5-background-color has-background has-x-large-font-size is-layout-flow wp-block-column-is-layout-flow\" style=\"flex-basis:100%\">\n<div>\n<p class=\"has-x-large-font-size\" style=\"margin-right:var(--wp--preset--spacing--50);margin-left:var(--wp--preset--spacing--50)\">La fase de presentaci\u00f3n de candidaturas se abre del 1\u00a0 de septiembre de 2025 al 30 de septiembre\u00a0 de 2025 ambos inclusive. La proclamaci\u00f3n provisional de candidaturas se har\u00e1 p\u00fablica el 3 de octubre de 2025, abri\u00e9ndose un plazo hasta el 8 de octubre para presentar reclamaciones. La lista definitiva se publicar\u00e1 el 10 de octubre de 2025 La votaci\u00f3n se realizar\u00e1 el 14 de octubre a las 19.30 horas en el marco de la reuni\u00f3n institucional de la Red, en la Sala de Reuniones del edificio de la Facultad de Ciencias Econ\u00f3micas y Empresariales,\u00a0 Universidad de Almer\u00eda, Carretera Sacramento, s\/n,\u00a0 La Ca\u00f1ada, Almer\u00eda (04120)<\/p>\n\n\n\n<p class=\"has-x-large-font-size\" style=\"margin-right:var(--wp--preset--spacing--50);margin-left:var(--wp--preset--spacing--50)\">Cualquier universidad de RIUL puede optar a las candidaturas. Para ello deber\u00e1 descargarse de la web del Plenario el documento de candidatura, rellenarlo, firmarlo y mandarlo escaneado como documento adjunto al correo\u00a0<a href=\"mailto:eleccionesriul@gmail.com\">eleccionesriul@gmail.com<\/a>, con copia a\u00a0<a href=\"mailto:universidadeslectoras@gmail.com\">universidadeslectoras@gmail.com<\/a>. La fecha tope de presentaci\u00f3n ser\u00e1 las 23,59 horas del d\u00eda 30 de septiembre, acreditada en el correo respectivo.<\/p>\n\n\n\n<p class=\"has-x-large-font-size\" style=\"margin-right:var(--wp--preset--spacing--50);margin-left:var(--wp--preset--spacing--50)\">Se recuerda que, seg\u00fan el cap 2.7 del Reglamento , se establece la posibilidad de que una universidad ausente pueda delegar su voto en otra universidad asistente al XV Plenario, para asuntos tratados en el orden del d\u00eda, como ser\u00eda en este caso las Elecciones. Por tanto, es de suma importancia que las Universidades que no puedan asistir, deleguen en otra universidad a su elecci\u00f3n, a fin de propiciar la m\u00e1xima participaci\u00f3n, enviando el formulario descargado de la web del Plenario. El plazo para la delegaci\u00f3n de voto ser\u00e1 hasta las 23.59 horas del d\u00eda 30 de septiembre de 2025.<\/p>\n<\/div>\n<\/div>\n<\/div>\n<\/div>\n<\/div>\n<\/div>\n<\/div>\n<\/div>\n<\/div>\n\n\n\n<div class=\"wp-block-columns alignwide are-vertically-aligned-center is-layout-flex wp-container-core-columns-is-layout-28f84493 wp-block-columns-is-layout-flex\">\n<div class=\"wp-block-column is-vertically-aligned-center has-background is-layout-flow wp-block-column-is-layout-flow\" style=\"background-color:#ddeff2;flex-basis:100%\">\n<div>\n<p class=\"has-background has-x-large-font-size\" style=\"background-color:#ddeff2\"><strong>Documentos de candidatura y de delegaci\u00f3n de voto<\/strong><\/p>\n<\/div>\n<\/div>\n<\/div>\n\n\n\n<div class=\"wp-block-columns alignwide are-vertically-aligned-center has-accent-5-background-color has-background is-layout-flex wp-container-core-columns-is-layout-28f84493 wp-block-columns-is-layout-flex\">\n<div class=\"wp-block-column is-vertically-aligned-center is-layout-flow wp-block-column-is-layout-flow\" style=\"flex-basis:100%\">\n<div>\n<p class=\"has-x-large-font-size\"><strong>Proclamaci\u00f3n de Candidaturas Elecciones RIUL bienio 2026-2027<\/strong>                                                                                                                    <\/p>\n\n\n\n<ul class=\"wp-block-list\">\n<li>Disponible para descarga al finalizar el plazo de candidaturas<\/li>\n<\/ul>\n\n\n\n<p class=\"has-x-large-font-size\"><strong>Candidatura Comisi\u00f3n Permanente<\/strong> <\/p>\n\n\n\n<ul class=\"wp-block-list\">\n<li><a href=\"https:\/\/viiicongreso.universidadeslectoras.es\/wp-content\/uploads\/2025\/07\/Candidatura-Comision-Permanente.doc\" target=\"_blank\" rel=\"noreferrer noopener\">Descargar archivo<\/a><\/li>\n<\/ul>\n\n\n\n<p class=\"has-x-large-font-size\"><strong>Candidatura Coordinaci\u00f3n General<\/strong><\/p>\n\n\n\n<ul class=\"wp-block-list\">\n<li><a href=\"https:\/\/viiicongreso.universidadeslectoras.es\/wp-content\/uploads\/2025\/07\/Candidatura-Cordinacion-General.doc\" target=\"_blank\" rel=\"noreferrer noopener\">Descargar archivo<\/a><\/li>\n<\/ul>\n\n\n\n<p class=\"has-x-large-font-size\"><strong>Documento de delegaci\u00f3n de voto<\/strong><\/p>\n\n\n\n<ul class=\"wp-block-list\">\n<li><a href=\"https:\/\/viiicongreso.universidadeslectoras.es\/wp-content\/uploads\/2025\/07\/Delegacion-voto.doc\" target=\"_blank\" rel=\"noreferrer noopener\">Descargar archivo<\/a><\/li>\n<\/ul>\n\n\n\n<p class=\"has-large-font-size\"><\/p>\n<\/div>\n<\/div>\n<\/div>\n\n\n\n<p><\/p>\n","protected":false},"excerpt":{"rendered":"<p>Elecciones RIUL Presentaci\u00f3n El Reglamento fundacional de la Red Internacional de Universidades Lectoras establece en su cap\u00edtulo 2 los principios y mecanismos para la elecci\u00f3n de la Coordinaci\u00f3n General y de los miembros de la Comisi\u00f3n Permanente entre los miembros en ejercicio de la Red que opten a dichos puestos. Por delegaci\u00f3n de la Comisi\u00f3n [&hellip;]<\/p>\n","protected":false},"author":1,"featured_media":0,"parent":0,"menu_order":0,"comment_status":"closed","ping_status":"closed","template":"","meta":{"footnotes":""},"class_list":["post-187","page","type-page","status-publish","hentry"],"_links":{"self":[{"href":"https:\/\/viiicongreso.universidadeslectoras.es\/index.php\/wp-json\/wp\/v2\/pages\/187","targetHints":{"allow":["GET"]}}],"collection":[{"href":"https:\/\/viiicongreso.universidadeslectoras.es\/index.php\/wp-json\/wp\/v2\/pages"}],"about":[{"href":"https:\/\/viiicongreso.universidadeslectoras.es\/index.php\/wp-json\/wp\/v2\/types\/page"}],"author":[{"embeddable":true,"href":"https:\/\/viiicongreso.universidadeslectoras.es\/index.php\/wp-json\/wp\/v2\/users\/1"}],"replies":[{"embeddable":true,"href":"https:\/\/viiicongreso.universidadeslectoras.es\/index.php\/wp-json\/wp\/v2\/comments?post=187"}],"version-history":[{"count":18,"href":"https:\/\/viiicongreso.universidadeslectoras.es\/index.php\/wp-json\/wp\/v2\/pages\/187\/revisions"}],"predecessor-version":[{"id":237,"href":"https:\/\/viiicongreso.universidadeslectoras.es\/index.php\/wp-json\/wp\/v2\/pages\/187\/revisions\/237"}],"wp:attachment":[{"href":"https:\/\/viiicongreso.universidadeslectoras.es\/index.php\/wp-json\/wp\/v2\/media?parent=187"}],"curies":[{"name":"wp","href":"https:\/\/api.w.org\/{rel}","templated":true}]}}