{"id":17,"date":"2025-06-12T10:44:07","date_gmt":"2025-06-12T08:44:07","guid":{"rendered":"https:\/\/viiicongreso.universidadeslectoras.es\/?page_id=17"},"modified":"2025-10-12T11:12:05","modified_gmt":"2025-10-12T09:12:05","slug":"programa","status":"publish","type":"page","link":"https:\/\/viiicongreso.universidadeslectoras.es\/index.php\/programa\/","title":{"rendered":"Programa"},"content":{"rendered":"\n<h2 class=\"wp-block-heading alignwide has-text-align-center has-accent-5-background-color has-background has-xx-large-font-size\"><strong>Programa<\/strong><\/h2>\n\n\n\n<div class=\"wp-block-columns alignwide is-layout-flex wp-container-core-columns-is-layout-28f84493 wp-block-columns-is-layout-flex\">\n<div class=\"wp-block-column is-layout-flow wp-block-column-is-layout-flow\" style=\"flex-basis:100%\">\n<p class=\"has-accent-5-background-color has-background has-x-large-font-size\" style=\"margin-top:0;margin-right:0;margin-bottom:0;margin-left:0\"><strong>D\u00eda 14 de octubre (ma\u00f1ana)<\/strong><br><br><strong>9:00 Recogida de documentaci\u00f3n<\/strong><br><br><strong>9:30 Inauguraci\u00f3n del evento<\/strong><br>Intervienen:<br>&#8211; D\u00f1a. Mar Campos Fern\u00e1ndez-F\u00edgares (Codirectora del Congreso y Catedr\u00e1tica de la Universidad de Almer\u00eda)<br>&#8211; D. Eloy Martos N\u00fa\u00f1ez (Coordinador General de la RIUL y Catedr\u00e1tico de la Universidad de Extremadura)<br>&#8211; D\u00f1a. Amalia Mart\u00edn Gim\u00e9nez (Concejal Delegada del \u00c1rea de Presidencia, Planificaci\u00f3n y Proyectos Europeos del Ayuntamiento de Almer\u00eda)<br>&#8211; D. Antonio Posadas Chinchilla (Secretario General de Investigaci\u00f3n e Innovaci\u00f3n de la Junta de Andaluc\u00eda)<br>&#8211; D. Miguel P\u00e9rez Valls (Delegado del Rector de la UAL)<br><br><strong>10:00<\/strong> <strong>Conferencia inaugural: <\/strong><br> &#8211; Ana Alemany (Escritora)<br><em>Los libros de mi vida<\/em><br>Presenta: Mar\u00eda del Carmen Quiles (U. Almer\u00eda)<br><br><strong>10:45<\/strong> <strong><em>Mirada 1:<\/em> FOLKLORE, MITOLOG\u00cdA Y LITERATURA<\/strong><br><em>Intervienen: <\/em><br>&#8211; Jes\u00fas Nieto (U. Valladolid)<br><em>El moderno Ulises. Guerra y viaje en las relecturas de un mito cl\u00e1sico<\/em><br>&#8211; Remedios S\u00e1nchez (U. Granada)<br><em>Memoria de agua y arena.\u00a0 La funci\u00f3n simb\u00f3lica del Mediterr\u00e1neo en cinco poetas de la generaci\u00f3n del 50<\/em><br>&#8211; Ra\u00fal Fortes (U. Valencia) <br><em>Del Mediterr\u00e1neo al Pac\u00edfico: la influencia de la mitolog\u00eda cl\u00e1sica en <\/em>Ponyo en el acantilado<em>, de Hayao Miyazaki<\/em><br>&#8211; Aitana Martos Garc\u00eda (U. Almer\u00eda)<br><em>Encrucijadas de la visi\u00f3n mitogr\u00e1fica del Mediterr\u00e1neo: de Pausanias a Lovecraft<\/em><br><em>Modera:<\/em> Sara Robles (U. M\u00e1laga)<br><br><strong>12:15 Pausa Caf\u00e9<\/strong><br><br><strong>12:30<\/strong> <strong><em>Mirada 2:<\/em> HISTORIA, PATRIMONIO Y ANTROPOLOG\u00cdA<\/strong><br><em>Intervienen:<\/em> <br>&#8211; Manuel de Lara R\u00f3denas (U. Huelva)<br><em>Lo azul: di\u00e1logos entre la historia y la literatura<\/em><br>&#8211; Aurora Mart\u00ednez Ezquerro (U. La Rioja)<br><em>Lecturas patrimoniales: una aproximaci\u00f3n al l\u00e9xico del agua<\/em><br>&#8211; Orhan Kocaman (Istanbul 29 Mayis University, Turqu\u00eda)<br><em>El poder de la traducci\u00f3n para crear una cultura com\u00fan<\/em><br>&#8211; Natasha Leal Rivas (U. Federico II de N\u00e1poles, Italia)<br><em>Resignificaci\u00f3n del patrimonio h\u00eddrico en la escritura tur\u00edstica digital<\/em><br><em>Modera:<\/em> Natividade Pires (IP. Castelo Branco, Portugal)<\/p>\n\n\n\n<p class=\"has-accent-5-background-color has-background has-x-large-font-size\">PAUSA COMIDA<\/p>\n\n\n\n<p class=\"has-accent-5-background-color has-background has-x-large-font-size\"><strong>D\u00eda 14 de octubre (tarde)<br><\/strong><br><strong>16:00 <em>Mirada 3:<\/em> CIENCIA, ECONOM\u00cdA Y DERECHO SOCIAL<\/strong><br><em>Intervienen:<\/em> <br>&#8211; Mar\u00eda Isabel S\u00e1ez Casado (CEIMAR, U. Almer\u00eda)<br><em>Del mar al laboratorio: c\u00f3mo la UAL impulsa un futuro azul, sostenible y competitivo de su econom\u00eda<\/em><br>&#8211; Sergio Martos Rosillo (U. Granada)<br><em>Siembra y cosecha del agua: soluciones ancestrales para retos actuales<\/em><br>&#8211; Khalid Boukaich (U. Abdelmalek Essaadi, Marruecos)<br><em>Desaf\u00edos y oportunidades del Derecho Social en el contexto mediterr\u00e1neo<\/em><br>&#8211; Juan Manuel Mat\u00e9s (U. Ja\u00e9n).<br><em>Agua y desarrollo agrario. Perspectivas de largo plazo<\/em><br><em>Modera:<\/em> Miriam Santos (U. Le\u00f3n).<br><br><strong>17:30 Sesiones Paralelas<\/strong><br><strong>Sesi\u00f3n presencial. Taller: M\u00daSICA DE LAS ESFERAS<\/strong><br><em>Intervienen:<\/em> <br>&#8211; Antonio Alcaide Soler (IES Luis Bueno Crespo, Armilla, Granada)<br>&#8211; Rosa Herrero Salinero (IES Luis Bueno Crespo, Armilla, Granada)<br>&#8211; Mar\u00eda Pe\u00f1as Troyano (IES Luis Bueno Crespo, Armilla, Granada).<br>Modera: \u00cdtaca Palmer (U. Granada)<br><br><strong>Sesi\u00f3n en l\u00ednea<\/strong>: <strong>Debate virtual de comunicaciones I<\/strong><br>Modera: Alejandro del Pino Tortonda (U. Camilo Jos\u00e9 Cela)<\/p>\n\n\n\n<p class=\"is-style-default has-accent-5-background-color has-background has-x-large-font-size\"><strong>D\u00eda 15 de octubre (ma\u00f1ana)<br><\/strong><br><strong>9:00 <em>Mirada 4<\/em>: VISI\u00d3N SOCIOEDUCATIVA: LIJ Y CONCENCIACI\u00d3N AMBIENTAL<\/strong><br><em>Intervienen<\/em>: <br>&#8211; Jos\u00e9 Antonio Caride (U. Santiago de Compostela).<br><em>La Educaci\u00f3n Ambiental en la construcci\u00f3n literaria de la sostenibilidad ecol\u00f3gica (verde y azul)<\/em><br>&#8211; Olivia Jarvio (U. Veracruzana, M\u00e9xico)<br><em>Promoci\u00f3n de la lectura y la concienciaci\u00f3n ecol\u00f3gica en Veracruz, M\u00e9xico<\/em><br>&#8211; Juana Rosa Su\u00e1rez-Robaina (U. Las Palmas de Gran Canaria. IATEXT)<br><em>Did\u00e1ctica de la sensibilizaci\u00f3n en cascada: concienciaci\u00f3n medioambiental desde el binomio Escritura Creativa y ApS. Una experiencia m\u00e1s all\u00e1 de la formaci\u00f3n del profesorado<\/em><br>&#8211; Alberto Martos Garc\u00eda (U. Extremadura)<br><em>Estrategias de la literatura aplicada a la promoci\u00f3n de la lectura en las aulas de Educaci\u00f3n Infantil y Primaria<\/em><br><em>Modera:<\/em> Eugenio Maqueda (U. M\u00e1laga).<br><br><strong>10:30 Lecturas ecoacu\u00e1ticas desde la imagen y la empresa<\/strong><br><em>Intervienen:<\/em><br>&#8211; Raquel P\u00e1iz Robles. (Responsable de Comunicaci\u00f3n Estrategia de la Alianza StepbyWater)<br><em>StepbyWater, una alianza por el agua en acci\u00f3n<\/em><br>&#8211; Paula Bruna (Artista visual y ambient\u00f3loga)<br><em>El rapto de la ninfa:&nbsp;arte, neomitos y ecoficciones del r\u00edo<\/em><br>Modera: Aitana Martos Garc\u00eda (U. Almer\u00eda)<br><strong><br>11:15&nbsp;Presentaci\u00f3n de la exposici\u00f3n<\/strong> \u201cLa m\u00fasica de las esferas: poetas del Mediterr\u00e1neo\u201d<br><br><strong>11:00 Sesiones Paralelas:<\/strong><br><strong>Sesi\u00f3n presencial:<\/strong> <strong>Visita Guiada a la Exposici\u00f3n \u00abLA M\u00daSICA DE LAS ESFERAS: POETAS DEL MEDITERR\u00c1NEO\u00bb<\/strong><br>A Cargo de: <br>&#8211; Antonio Alcaide Soler (IES Luis Bueno Crespo, Armilla, Granada).<br>&#8211; Rosa Herrero Salinero (IES Luis Bueno Crespo, Armilla, Granada).<br>&#8211; Mar\u00eda Pe\u00f1as Troyano (IES Luis Bueno Crespo, Armilla, Granada).<br>&#8211; Enrique Rivero Peinado (IES Luis Bueno Crespo, Armilla, Granada).<br><br><strong>Sesi\u00f3n en l\u00ednea:<\/strong>&nbsp;<strong>Debate virtual de comunicaciones II.<\/strong> <br>Modera: Modera: Naiane Menta Tres (U. Federal da Fronteira Sul)<br><br><strong>12:00 Pausa Caf\u00e9<\/strong><br><br><strong>12:15 <em>Mirada 5<\/em>: SOSTENIBILIDAD Y LECTURAS DE LA PAZ<\/strong><br><em>Intervienen:<\/em> <br>\u2013 Mar\u00eda del Carmen Quiles Cabrera (U. Almer\u00eda)<br><em>Desarraigo, refugio y acogida a trav\u00e9s de la LIJ: el mar como testigo en <\/em>Alma y la isla<em>, de M\u00f3nica Rodr\u00edguez<\/em><br>&#8211; Maite Aperribay Bermejo(U. Pa\u00eds Vasco)<br><em>El mar narrado. Perspectivas&nbsp;ecocr\u00edticas del mar en la Literatura Infantil y Juvenil<\/em><br>&#8211; Santiago Yubero Jim\u00e9nez (U.de Castilla La Mancha)<br><em>Lecturas a la b\u00fasqueda de la resoluci\u00f3n de conflictos<\/em><br>&#8211; Mariona Masgrau Juanola(U. Girona).<br><em>Mares fronterizos y fraternales (en la literatura infantil y juvenil)<\/em><br><em>Modera:<\/em> Antonio D\u00edez Mediavilla (U. Alicante)<\/p>\n\n\n\n<p class=\"has-accent-5-background-color has-background has-x-large-font-size\"><strong>PAUSA COMIDA<\/strong><\/p>\n\n\n\n<p class=\"has-accent-5-background-color has-background has-x-large-font-size\"><strong>D\u00eda 15 de octubre (tarde)<\/strong><br><br><strong>16:00 Presentaci\u00f3n de revistas y publicaciones:<\/strong><br><em>Intervienen<\/em>: <br>&#8211; Eloy Martos N\u00fa\u00f1ez (U. Extremadura)<br>&#8211; Santiago Yubero Jim\u00e9nez (U. Castilla La Mancha)<br>&#8211; Mar Campos Fern\u00e1ndez F\u00edgares (U. Almer\u00eda)<br>&#8211; Juan Manuel Mat\u00e9s (U. Ja\u00e9n)<br>&#8211; Jos\u00e9 Mar\u00eda P\u00e9rez Collados (U. Girona)<br><em>Modera<\/em>: Isabel Llamas Mart\u00ednez (U. Granada).<br><br><strong>16:30 <em>Mirada 6:<\/em> PERSPECTIVAS PATRIMONIALES<\/strong><br><em>Intervienen<\/em>: <br>&#8211; Eloy Martos N\u00fa\u00f1ez (U. Extremadura)<br><em>El mar Mediterr\u00e1neo como patrimonio azul<\/em><br>&#8211; Jacinto Garrido Velarde (U. Extremadura)<br><em>El paisaje como patrimonio natural<\/em><br>&#8211; Luiza Ponciano (U. Rio de Janeiro, Brasil)<br><em>Geopo\u00e9tica de bases origin\u00e1rias: por um aprofundamento das rela\u00e7\u00f5es&nbsp;<\/em><br>&#8211; Est\u00edbaliz Barriga Galeano (U. Extremadura).<br><em>El patrimonio oral del Mediterr\u00e1neo en las aulas de literatura: una perspectiva did\u00e1ctica<\/em><br><em>Modera<\/em>: Gabriel N\u00fa\u00f1ez Molina (U. Almer\u00eda).<br><br><strong>18:30<\/strong> Acto de CLAUSURA del congreso. <\/p>\n\n\n\n<p class=\"has-accent-5-background-color has-background has-x-large-font-size\"><strong>20:00 Visita Guiada por la ciudad<\/strong> <\/p>\n\n\n\n<p><\/p>\n\n\n\n<p class=\"has-text-align-center has-accent-5-background-color has-background has-x-large-font-size\"><strong><em><a href=\"https:\/\/viiicongreso.universidadeslectoras.es\/wp-content\/uploads\/2025\/10\/FolletoVIIICongresoRIULok-1.pdf\">Descargar programa<\/a><\/em><\/strong><\/p>\n\n\n\n<p><\/p>\n\n\n\n<p><\/p>\n<\/div>\n<\/div>\n\n\n\n<p><\/p>\n","protected":false},"excerpt":{"rendered":"<p>Programa D\u00eda 14 de octubre (ma\u00f1ana) 9:00 Recogida de documentaci\u00f3n 9:30 Inauguraci\u00f3n del eventoIntervienen:&#8211; D\u00f1a. Mar Campos Fern\u00e1ndez-F\u00edgares (Codirectora del Congreso y Catedr\u00e1tica de la Universidad de Almer\u00eda)&#8211; D. Eloy Martos N\u00fa\u00f1ez (Coordinador General de la RIUL y Catedr\u00e1tico de la Universidad de Extremadura)&#8211; D\u00f1a. Amalia Mart\u00edn Gim\u00e9nez (Concejal Delegada del \u00c1rea de Presidencia, Planificaci\u00f3n [&hellip;]<\/p>\n","protected":false},"author":1,"featured_media":0,"parent":0,"menu_order":0,"comment_status":"closed","ping_status":"closed","template":"","meta":{"footnotes":""},"class_list":["post-17","page","type-page","status-publish","hentry"],"_links":{"self":[{"href":"https:\/\/viiicongreso.universidadeslectoras.es\/index.php\/wp-json\/wp\/v2\/pages\/17","targetHints":{"allow":["GET"]}}],"collection":[{"href":"https:\/\/viiicongreso.universidadeslectoras.es\/index.php\/wp-json\/wp\/v2\/pages"}],"about":[{"href":"https:\/\/viiicongreso.universidadeslectoras.es\/index.php\/wp-json\/wp\/v2\/types\/page"}],"author":[{"embeddable":true,"href":"https:\/\/viiicongreso.universidadeslectoras.es\/index.php\/wp-json\/wp\/v2\/users\/1"}],"replies":[{"embeddable":true,"href":"https:\/\/viiicongreso.universidadeslectoras.es\/index.php\/wp-json\/wp\/v2\/comments?post=17"}],"version-history":[{"count":35,"href":"https:\/\/viiicongreso.universidadeslectoras.es\/index.php\/wp-json\/wp\/v2\/pages\/17\/revisions"}],"predecessor-version":[{"id":322,"href":"https:\/\/viiicongreso.universidadeslectoras.es\/index.php\/wp-json\/wp\/v2\/pages\/17\/revisions\/322"}],"wp:attachment":[{"href":"https:\/\/viiicongreso.universidadeslectoras.es\/index.php\/wp-json\/wp\/v2\/media?parent=17"}],"curies":[{"name":"wp","href":"https:\/\/api.w.org\/{rel}","templated":true}]}}