{"id":15,"date":"2025-06-12T10:40:34","date_gmt":"2025-06-12T08:40:34","guid":{"rendered":"https:\/\/viiicongreso.universidadeslectoras.es\/?page_id=15"},"modified":"2025-07-27T14:14:43","modified_gmt":"2025-07-27T12:14:43","slug":"lineas-tematicas","status":"publish","type":"page","link":"https:\/\/viiicongreso.universidadeslectoras.es\/index.php\/lineas-tematicas\/","title":{"rendered":"L\u00edneas tem\u00e1ticas"},"content":{"rendered":"\n<h2 class=\"wp-block-heading alignwide has-text-align-center has-accent-5-background-color has-background\"><strong>L\u00edneas tem\u00e1ticas<\/strong><\/h2>\n\n\n\n<div class=\"wp-block-group alignwide is-layout-grid wp-container-core-group-is-layout-f8d46751 wp-block-group-is-layout-grid\" style=\"border-radius:0px\">\n<p class=\"has-text-align-center has-border-color has-accent-3-border-color has-accent-3-color has-text-color has-background has-link-color has-manrope-font-family has-large-font-size wp-elements-94afb3a2bbf4247a5b62c228b3b3f22d\" style=\"border-width:4px;background-color:#d4e9fa;font-style:normal;font-weight:700\">1. <strong>Imaginarios del Mediterr\u00e1neo en la literatura, tradiciones populares y la cultura cl\u00e1sica<\/strong><br><br>Coordina: Naiane Menta, U. Rio de Janeiro, Brasil<\/p>\n\n\n\n<p class=\"has-text-align-center is-style-default has-border-color has-accent-3-border-color has-accent-3-color has-text-color has-background has-link-color has-manrope-font-family has-large-font-size wp-elements-ff4f79d8b0afa969257ad18b9a2f1932\" style=\"border-width:4px;background-color:#d4e9fa;font-style:normal;font-weight:700\"><strong>2. Visiones del Mediterr\u00e1neo en la historia, la filosof\u00eda y las artes visuales<\/strong><br><br>Coordina: Gabriel N\u00fa\u00f1ez Molina, U. Almer\u00eda<\/p>\n\n\n\n<p class=\"has-text-align-center has-border-color has-accent-3-border-color has-accent-3-color has-text-color has-background has-link-color has-manrope-font-family has-large-font-size wp-elements-63ee7b95facfe5db86834f40aee58af2\" style=\"border-width:4px;background-color:#d4e9fa;font-style:normal;font-weight:700\"><strong>3. <strong>El patrimonio azul. Resignificaciones del Mediterr\u00e1neo desde el patrimonio cultural, el turismo, la comunicaci\u00f3n y la gastronom\u00eda<\/strong><\/strong> <br><br>Coordina: Antonio D\u00edez Mediavilla, U. Alicante<\/p>\n\n\n\n<p class=\"has-text-align-center has-border-color has-accent-3-border-color has-accent-3-color has-text-color has-background has-link-color has-manrope-font-family has-large-font-size wp-elements-6df5d1a95e18d04fd578247c6e48131e\" style=\"border-width:4px;background-color:#d4e9fa;font-style:normal;font-weight:700\"><strong>4. <strong>La econom\u00eda azul<\/strong>. <strong>Investigaci\u00f3n cient\u00edfica y sostenibilidad en el entorno mediterr\u00e1neo.<\/strong><\/strong> <br><br>Coordina: Alejandro del Pino, U. Camilo Jos\u00e9 Cela<\/p>\n\n\n\n<p class=\"has-text-align-center has-border-color has-accent-3-border-color has-accent-3-color has-text-color has-background has-link-color has-manrope-font-family has-large-font-size wp-elements-74924e0e719d2906bc4857bcf9cfaf1a wp-container-content-87c1d088\" style=\"border-width:4px;background-color:#d4e9fa;font-style:normal;font-weight:700\"><strong>5 . <strong>ODS y educaci\u00f3n lectora. La literatura infantil y juvenil y el \u00e1mbito de la educaci\u00f3n ambiental<\/strong><\/strong> <br><br>Coordina: Luc\u00eda Candela, U. C\u00e1diz<\/p>\n\n\n\n<p class=\"has-text-align-center has-border-color has-accent-3-border-color has-accent-3-color has-text-color has-background has-link-color has-manrope-font-family has-large-font-size wp-elements-1d3b0fd6ae597c8312042077f77f1a5c\" style=\"border-width:4px;background-color:#d4e9fa;font-style:normal;font-weight:700\"><strong>6. <strong> Escuelas mediterr\u00e1neas y migraciones: espacios para la<br>inclusi\u00f3n y educaci\u00f3n para la paz<\/strong><\/strong> <br><br>Coordina: Beatriz Dur\u00e1n, U. Extremadura<\/p>\n\n\n\n<p class=\"has-text-align-center has-border-color has-accent-3-border-color has-accent-3-color has-text-color has-background has-link-color has-manrope-font-family has-large-font-size wp-elements-110856a244a24c95be8cc7c800764207 wp-container-content-9bb6e0d0\" style=\"border-width:4px;background-color:#d4e9fa;font-style:normal;font-weight:700\">7<strong>. El poder de la traducci\u00f3n para crear una cultura com\u00fan<\/strong><br><br>Coordina: Isabel Llamas, U. Granada<\/p>\n<\/div>\n\n\n\n<p><\/p>\n","protected":false},"excerpt":{"rendered":"<p>L\u00edneas tem\u00e1ticas 1. Imaginarios del Mediterr\u00e1neo en la literatura, tradiciones populares y la cultura cl\u00e1sica Coordina: Naiane Menta, U. Rio de Janeiro, Brasil 2. Visiones del Mediterr\u00e1neo en la historia, la filosof\u00eda y las artes visuales Coordina: Gabriel N\u00fa\u00f1ez Molina, U. Almer\u00eda 3. El patrimonio azul. Resignificaciones del Mediterr\u00e1neo desde el patrimonio cultural, el turismo, [&hellip;]<\/p>\n","protected":false},"author":1,"featured_media":0,"parent":0,"menu_order":0,"comment_status":"closed","ping_status":"closed","template":"","meta":{"footnotes":""},"class_list":["post-15","page","type-page","status-publish","hentry"],"_links":{"self":[{"href":"https:\/\/viiicongreso.universidadeslectoras.es\/index.php\/wp-json\/wp\/v2\/pages\/15","targetHints":{"allow":["GET"]}}],"collection":[{"href":"https:\/\/viiicongreso.universidadeslectoras.es\/index.php\/wp-json\/wp\/v2\/pages"}],"about":[{"href":"https:\/\/viiicongreso.universidadeslectoras.es\/index.php\/wp-json\/wp\/v2\/types\/page"}],"author":[{"embeddable":true,"href":"https:\/\/viiicongreso.universidadeslectoras.es\/index.php\/wp-json\/wp\/v2\/users\/1"}],"replies":[{"embeddable":true,"href":"https:\/\/viiicongreso.universidadeslectoras.es\/index.php\/wp-json\/wp\/v2\/comments?post=15"}],"version-history":[{"count":30,"href":"https:\/\/viiicongreso.universidadeslectoras.es\/index.php\/wp-json\/wp\/v2\/pages\/15\/revisions"}],"predecessor-version":[{"id":276,"href":"https:\/\/viiicongreso.universidadeslectoras.es\/index.php\/wp-json\/wp\/v2\/pages\/15\/revisions\/276"}],"wp:attachment":[{"href":"https:\/\/viiicongreso.universidadeslectoras.es\/index.php\/wp-json\/wp\/v2\/media?parent=15"}],"curies":[{"name":"wp","href":"https:\/\/api.w.org\/{rel}","templated":true}]}}