{"id":13,"date":"2025-06-12T10:43:54","date_gmt":"2025-06-12T08:43:54","guid":{"rendered":"https:\/\/viiicongreso.universidadeslectoras.es\/?page_id=13"},"modified":"2025-06-12T13:17:55","modified_gmt":"2025-06-12T11:17:55","slug":"presentacion","status":"publish","type":"page","link":"https:\/\/viiicongreso.universidadeslectoras.es\/index.php\/presentacion\/","title":{"rendered":"Presentaci\u00f3n"},"content":{"rendered":"\n<h2 class=\"wp-block-heading alignfull has-text-align-center has-accent-5-background-color has-background has-xx-large-font-size\"><strong>Presentaci\u00f3n<\/strong><\/h2>\n\n\n\n<div style=\"height:22px\" aria-hidden=\"true\" class=\"wp-block-spacer\"><\/div>\n\n\n\n<div class=\"wp-block-group alignfull is-style-section-1 has-accent-3-color has-text-color has-link-color wp-elements-0a8e4c278c66342bc43a846f8fc64c57 has-global-padding is-layout-constrained wp-container-core-group-is-layout-cdf985e3 wp-block-group-is-layout-constrained is-style-section-1--1\" style=\"min-height:100vh;margin-top:0;margin-bottom:0;padding-top:var(--wp--preset--spacing--80);padding-right:var(--wp--preset--spacing--80);padding-bottom:var(--wp--preset--spacing--80);padding-left:var(--wp--preset--spacing--80)\">\n<div class=\"wp-block-columns alignwide are-vertically-aligned-center is-style-section-1 is-layout-flex wp-container-core-columns-is-layout-643ced6b wp-block-columns-is-layout-flex is-style-section-1--2\">\n<div class=\"wp-block-column is-vertically-aligned-center is-layout-flow wp-block-column-is-layout-flow\">\n<p class=\"has-text-align-center has-accent-3-color has-text-color has-link-color has-large-font-size wp-elements-caae741a59e16aac90eff47f96912ed1\" style=\"border-radius:0px;margin-right:var(--wp--preset--spacing--30);margin-left:var(--wp--preset--spacing--30);font-style:normal;font-weight:700\">El VIII Congreso Internacional de RIUL: Lecturas del Mediterr\u00e1neo: Ciencia, Arte, Educaci\u00f3n y Humanidades Azules, pretende reunir las diferentes corrientes y estudios sobre las aguas y sus entornos, no solo como marco vital sino como eje de la actividad humana en todas sus dimensiones. Se trata de promover un di\u00e1logo interdisciplinar e intercultural<br>desde la Academia pero tambi\u00e9n desde otras esferas sociales, conciliando las aportaciones de las Ciencias del Mar o de la Gesti\u00f3n del Agua con las nuevas perspectivas emanadas en las \u00faltimas d\u00e9cadas desde las Ciencias Sociales y las Humanidades.<\/p>\n\n\n\n<p class=\"has-text-align-center has-accent-3-color has-text-color has-link-color has-large-font-size wp-elements-1ef05f39461ce939cecd4e90a20107a9\" style=\"border-radius:0px;margin-right:var(--wp--preset--spacing--30);margin-left:var(--wp--preset--spacing--30);font-style:normal;font-weight:700\">Este enfoque plural, a partir de distintas miradas, se orientar\u00e1 en particular al \u00e1mbito de nuestro contexto, el mar Mediterr\u00e1neo, en sus m\u00faltiples dimensiones: pensemos en \u00e9l como legado cultural, en la importancia de sus imaginarios y del mundo cl\u00e1sico, en sus ecosistemas, en las recreaciones aportadas desde la literatura y otras artes y en la necesidad de una educaci\u00f3n y sensibilizaci\u00f3n ambiental de alcance hol\u00edstico. En s\u00edntesis, se trata de resignificar las aguas y sus entornos y de armonizar, completar y reconciliar las distintas miradas.<\/p>\n\n\n\n<p class=\"has-text-align-center is-style-default has-accent-3-color has-text-color has-link-color has-large-font-size wp-elements-fe1fc6a95a081175cc87927630dad113\" style=\"border-radius:0px;margin-right:var(--wp--preset--spacing--30);margin-left:var(--wp--preset--spacing--30);font-style:normal;font-weight:700\">Nos interesa especialmente incorporar las nuevas corrientes cr\u00edticas y el activismo social y art\u00edstico, en sinton\u00eda lo que se ha dado en llamar el patrimonio o la econom\u00eda azul. En efecto, humanidades azules son un campo de estudio que explora la relaci\u00f3n entre los<br>seres humanos y el agua, desde una perspectiva interdisciplinaria que se apoya en la historia, la literatura, la filosof\u00eda y las artes. De este modo, aspiramos a entender c\u00f3mo el oc\u00e9ano, y en concreto, el Mar Mediterr\u00e1neo ha dado forma a la cultura y los imaginarios de nuestro entorno cultural.<\/p>\n<\/div>\n<\/div>\n<\/div>\n","protected":false},"excerpt":{"rendered":"<p>Presentaci\u00f3n El VIII Congreso Internacional de RIUL: Lecturas del Mediterr\u00e1neo: Ciencia, Arte, Educaci\u00f3n y Humanidades Azules, pretende reunir las diferentes corrientes y estudios sobre las aguas y sus entornos, no solo como marco vital sino como eje de la actividad humana en todas sus dimensiones. Se trata de promover un di\u00e1logo interdisciplinar e interculturaldesde la [&hellip;]<\/p>\n","protected":false},"author":1,"featured_media":0,"parent":0,"menu_order":0,"comment_status":"closed","ping_status":"closed","template":"","meta":{"footnotes":""},"class_list":["post-13","page","type-page","status-publish","hentry"],"_links":{"self":[{"href":"https:\/\/viiicongreso.universidadeslectoras.es\/index.php\/wp-json\/wp\/v2\/pages\/13","targetHints":{"allow":["GET"]}}],"collection":[{"href":"https:\/\/viiicongreso.universidadeslectoras.es\/index.php\/wp-json\/wp\/v2\/pages"}],"about":[{"href":"https:\/\/viiicongreso.universidadeslectoras.es\/index.php\/wp-json\/wp\/v2\/types\/page"}],"author":[{"embeddable":true,"href":"https:\/\/viiicongreso.universidadeslectoras.es\/index.php\/wp-json\/wp\/v2\/users\/1"}],"replies":[{"embeddable":true,"href":"https:\/\/viiicongreso.universidadeslectoras.es\/index.php\/wp-json\/wp\/v2\/comments?post=13"}],"version-history":[{"count":5,"href":"https:\/\/viiicongreso.universidadeslectoras.es\/index.php\/wp-json\/wp\/v2\/pages\/13\/revisions"}],"predecessor-version":[{"id":151,"href":"https:\/\/viiicongreso.universidadeslectoras.es\/index.php\/wp-json\/wp\/v2\/pages\/13\/revisions\/151"}],"wp:attachment":[{"href":"https:\/\/viiicongreso.universidadeslectoras.es\/index.php\/wp-json\/wp\/v2\/media?parent=13"}],"curies":[{"name":"wp","href":"https:\/\/api.w.org\/{rel}","templated":true}]}}